{"id":16,"date":"2021-09-29T13:36:08","date_gmt":"2021-09-29T13:36:08","guid":{"rendered":"https:\/\/dynastyhaiti.com\/plan\/?post_type=product&#038;p=16"},"modified":"2025-05-30T21:58:33","modified_gmt":"2025-05-30T21:58:33","slug":"plan-eco","status":"publish","type":"product","link":"https:\/\/dynastyhaiti.com\/plan\/product\/plan-eco\/","title":{"rendered":"Plan Eco"},"content":{"rendered":"","protected":false},"excerpt":{"rendered":"<p data-start=\"145\" data-end=\"220\">\ud83d\udcbc <strong data-start=\"148\" data-end=\"160\">PLAN \u00c9CO<\/strong><br data-start=\"160\" data-end=\"163\" \/><strong data-start=\"163\" data-end=\"220\">Un coup de pouce accessible pour lancer votre musique<\/strong><\/p>\n<p data-start=\"222\" data-end=\"380\">\ud83d\udcf2 <strong data-start=\"225\" data-end=\"253\">Partage tous les 2 jours<\/strong> sur notre compte Twitter<br data-start=\"278\" data-end=\"281\" \/>\ud83d\udcde 30 minutes de consultation gratuite<br data-start=\"319\" data-end=\"322\" \/>\ud83c\udf99\ufe0f Pr\u00e9sentation de votre musique \u00e0 travers une entrevue<\/p>\n<p data-start=\"382\" data-end=\"495\">\ud83d\ude80 <strong data-start=\"385\" data-end=\"408\">Boost de visibilit\u00e9<\/strong> :<br data-start=\"410\" data-end=\"413\" \/>\u2022 Publication sponsoris\u00e9e sur <strong data-start=\"443\" data-end=\"467\">Facebook &amp; Instagram<\/strong> pendant <strong data-start=\"476\" data-end=\"487\">2 jours<\/strong> (Ha\u00efti)<\/p>\n<p data-start=\"497\" data-end=\"561\">\ud83d\udcf8 <strong data-start=\"500\" data-end=\"534\">3 photos partag\u00e9es par semaine<\/strong> sur Instagram &amp; Facebook<\/p>\n<p data-start=\"563\" data-end=\"608\">\ud83d\udcb5 <strong data-start=\"566\" data-end=\"584\">Prix : 100 USD<\/strong><br data-start=\"584\" data-end=\"587\" \/>\ud83d\udcc6 Dur\u00e9e : 30 jours<\/p>\n<p data-start=\"610\" data-end=\"766\">\ud83d\udd27 <strong data-start=\"613\" data-end=\"650\">Options disponibles (sur demande)<\/strong> :<br data-start=\"652\" data-end=\"655\" \/>\u2022 \ud83c\udfa7 Plus d&#8217;\u00e9coutes sur <strong data-start=\"679\" data-end=\"690\">Spotify<\/strong> et <strong data-start=\"694\" data-end=\"705\">YouTube<\/strong><br data-start=\"705\" data-end=\"708\" \/>\u2022 \ud83d\udcc0 Distribution musicale via <strong data-start=\"739\" data-end=\"760\">CD Baby, TuneCore<\/strong>, etc.<\/p>\n<p data-start=\"768\" data-end=\"867\"><strong data-start=\"768\" data-end=\"804\">Un petit budget. Un vrai impact.<\/strong><br data-start=\"804\" data-end=\"807\" \/>\ud83c\udfb6 Donnez de la visibilit\u00e9 \u00e0 votre projet, d\u00e8s aujourd\u2019hui !<\/p>\n","protected":false},"featured_media":445,"comment_status":"open","ping_status":"closed","template":"","meta":{"nf_dc_page":""},"product_brand":[],"product_cat":[16],"product_tag":[],"class_list":{"0":"post-16","1":"product","2":"type-product","3":"status-publish","4":"has-post-thumbnail","6":"product_cat-promo-30","8":"first","9":"instock","10":"virtual","11":"taxable","12":"purchasable","13":"product-type-simple"},"yoast_head":"<!-- This site is optimized with the Yoast SEO plugin v27.5 - https:\/\/yoast.com\/product\/yoast-seo-wordpress\/ -->\n<title>Plan Eco - Plan - Dynasty Haiti Promo<\/title>\n<meta name=\"description\" content=\"Distribue votre musique sur les plateformes digitales les plus populaires au monde comme iTunes, Deezer, Spotify, Amazon Music,Youtube Music.\" \/>\n<meta name=\"robots\" content=\"index, follow, max-snippet:-1, max-image-preview:large, max-video-preview:-1\" \/>\n<link rel=\"canonical\" href=\"https:\/\/dynastyhaiti.com\/plan\/product\/plan-eco\/\" \/>\n<meta property=\"og:locale\" content=\"en_US\" \/>\n<meta property=\"og:type\" content=\"article\" \/>\n<meta property=\"og:title\" content=\"Plan Eco - Plan - Dynasty Haiti Promo\" \/>\n<meta property=\"og:description\" content=\"Distribue votre musique sur les plateformes digitales les plus populaires au monde comme iTunes, Deezer, Spotify, Amazon Music,Youtube Music.\" \/>\n<meta property=\"og:url\" content=\"https:\/\/dynastyhaiti.com\/plan\/product\/plan-eco\/\" \/>\n<meta property=\"og:site_name\" content=\"Plan - Dynasty Haiti Promo\" \/>\n<meta property=\"article:modified_time\" content=\"2025-05-30T21:58:33+00:00\" \/>\n<meta property=\"og:image\" content=\"https:\/\/dynastyhaiti.com\/plan\/wp-content\/uploads\/2021\/09\/plan-Plan-Eco-1-01.png\" \/>\n\t<meta property=\"og:image:width\" content=\"1500\" \/>\n\t<meta property=\"og:image:height\" content=\"1500\" \/>\n\t<meta property=\"og:image:type\" content=\"image\/png\" \/>\n<meta name=\"twitter:card\" content=\"summary_large_image\" \/>\n<script type=\"application\/ld+json\" class=\"yoast-schema-graph\">{\"@context\":\"https:\\\/\\\/schema.org\",\"@graph\":[{\"@type\":\"WebPage\",\"@id\":\"https:\\\/\\\/dynastyhaiti.com\\\/plan\\\/product\\\/plan-eco\\\/\",\"url\":\"https:\\\/\\\/dynastyhaiti.com\\\/plan\\\/product\\\/plan-eco\\\/\",\"name\":\"Plan Eco - Plan - Dynasty Haiti Promo\",\"isPartOf\":{\"@id\":\"https:\\\/\\\/dynastyhaiti.com\\\/plan\\\/#website\"},\"primaryImageOfPage\":{\"@id\":\"https:\\\/\\\/dynastyhaiti.com\\\/plan\\\/product\\\/plan-eco\\\/#primaryimage\"},\"image\":{\"@id\":\"https:\\\/\\\/dynastyhaiti.com\\\/plan\\\/product\\\/plan-eco\\\/#primaryimage\"},\"thumbnailUrl\":\"https:\\\/\\\/dynastyhaiti.com\\\/plan\\\/wp-content\\\/uploads\\\/2021\\\/09\\\/plan-Plan-Eco-1-01.png\",\"datePublished\":\"2021-09-29T13:36:08+00:00\",\"dateModified\":\"2025-05-30T21:58:33+00:00\",\"description\":\"Distribue votre musique sur les plateformes digitales les plus populaires au monde comme iTunes, Deezer, Spotify, Amazon Music,Youtube Music.\",\"breadcrumb\":{\"@id\":\"https:\\\/\\\/dynastyhaiti.com\\\/plan\\\/product\\\/plan-eco\\\/#breadcrumb\"},\"inLanguage\":\"en-US\",\"potentialAction\":[{\"@type\":\"ReadAction\",\"target\":[\"https:\\\/\\\/dynastyhaiti.com\\\/plan\\\/product\\\/plan-eco\\\/\"]}]},{\"@type\":\"ImageObject\",\"inLanguage\":\"en-US\",\"@id\":\"https:\\\/\\\/dynastyhaiti.com\\\/plan\\\/product\\\/plan-eco\\\/#primaryimage\",\"url\":\"https:\\\/\\\/dynastyhaiti.com\\\/plan\\\/wp-content\\\/uploads\\\/2021\\\/09\\\/plan-Plan-Eco-1-01.png\",\"contentUrl\":\"https:\\\/\\\/dynastyhaiti.com\\\/plan\\\/wp-content\\\/uploads\\\/2021\\\/09\\\/plan-Plan-Eco-1-01.png\",\"width\":1500,\"height\":1500},{\"@type\":\"BreadcrumbList\",\"@id\":\"https:\\\/\\\/dynastyhaiti.com\\\/plan\\\/product\\\/plan-eco\\\/#breadcrumb\",\"itemListElement\":[{\"@type\":\"ListItem\",\"position\":1,\"name\":\"Home\",\"item\":\"https:\\\/\\\/dynastyhaiti.com\\\/plan\\\/\"},{\"@type\":\"ListItem\",\"position\":2,\"name\":\"Shop\",\"item\":\"https:\\\/\\\/dynastyhaiti.com\\\/plan\\\/shop\\\/\"},{\"@type\":\"ListItem\",\"position\":3,\"name\":\"Plan Eco\"}]},{\"@type\":\"WebSite\",\"@id\":\"https:\\\/\\\/dynastyhaiti.com\\\/plan\\\/#website\",\"url\":\"https:\\\/\\\/dynastyhaiti.com\\\/plan\\\/\",\"name\":\"Plan - Dynasty Haiti Promo\",\"description\":\"Yon Jeyan K&#039;ap Grandi\",\"publisher\":{\"@id\":\"https:\\\/\\\/dynastyhaiti.com\\\/plan\\\/#organization\"},\"potentialAction\":[{\"@type\":\"SearchAction\",\"target\":{\"@type\":\"EntryPoint\",\"urlTemplate\":\"https:\\\/\\\/dynastyhaiti.com\\\/plan\\\/?s={search_term_string}\"},\"query-input\":{\"@type\":\"PropertyValueSpecification\",\"valueRequired\":true,\"valueName\":\"search_term_string\"}}],\"inLanguage\":\"en-US\"},{\"@type\":\"Organization\",\"@id\":\"https:\\\/\\\/dynastyhaiti.com\\\/plan\\\/#organization\",\"name\":\"Dynasty Haiti\",\"url\":\"https:\\\/\\\/dynastyhaiti.com\\\/plan\\\/\",\"logo\":{\"@type\":\"ImageObject\",\"inLanguage\":\"en-US\",\"@id\":\"https:\\\/\\\/dynastyhaiti.com\\\/plan\\\/#\\\/schema\\\/logo\\\/image\\\/\",\"url\":\"https:\\\/\\\/i1.wp.com\\\/dynastyhaiti.com\\\/plan\\\/wp-content\\\/uploads\\\/2021\\\/09\\\/Dynasty6-1.png?fit=1280%2C1280&ssl=1\",\"contentUrl\":\"https:\\\/\\\/i1.wp.com\\\/dynastyhaiti.com\\\/plan\\\/wp-content\\\/uploads\\\/2021\\\/09\\\/Dynasty6-1.png?fit=1280%2C1280&ssl=1\",\"width\":1280,\"height\":1280,\"caption\":\"Dynasty Haiti\"},\"image\":{\"@id\":\"https:\\\/\\\/dynastyhaiti.com\\\/plan\\\/#\\\/schema\\\/logo\\\/image\\\/\"}}]}<\/script>\n<!-- \/ Yoast SEO plugin. -->","yoast_head_json":{"title":"Plan Eco - Plan - Dynasty Haiti Promo","description":"Distribue votre musique sur les plateformes digitales les plus populaires au monde comme iTunes, Deezer, Spotify, Amazon Music,Youtube Music.","robots":{"index":"index","follow":"follow","max-snippet":"max-snippet:-1","max-image-preview":"max-image-preview:large","max-video-preview":"max-video-preview:-1"},"canonical":"https:\/\/dynastyhaiti.com\/plan\/product\/plan-eco\/","og_locale":"en_US","og_type":"article","og_title":"Plan Eco - Plan - Dynasty Haiti Promo","og_description":"Distribue votre musique sur les plateformes digitales les plus populaires au monde comme iTunes, Deezer, Spotify, Amazon Music,Youtube Music.","og_url":"https:\/\/dynastyhaiti.com\/plan\/product\/plan-eco\/","og_site_name":"Plan - Dynasty Haiti Promo","article_modified_time":"2025-05-30T21:58:33+00:00","og_image":[{"width":1500,"height":1500,"url":"https:\/\/dynastyhaiti.com\/plan\/wp-content\/uploads\/2021\/09\/plan-Plan-Eco-1-01.png","type":"image\/png"}],"twitter_card":"summary_large_image","schema":{"@context":"https:\/\/schema.org","@graph":[{"@type":"WebPage","@id":"https:\/\/dynastyhaiti.com\/plan\/product\/plan-eco\/","url":"https:\/\/dynastyhaiti.com\/plan\/product\/plan-eco\/","name":"Plan Eco - Plan - Dynasty Haiti Promo","isPartOf":{"@id":"https:\/\/dynastyhaiti.com\/plan\/#website"},"primaryImageOfPage":{"@id":"https:\/\/dynastyhaiti.com\/plan\/product\/plan-eco\/#primaryimage"},"image":{"@id":"https:\/\/dynastyhaiti.com\/plan\/product\/plan-eco\/#primaryimage"},"thumbnailUrl":"https:\/\/dynastyhaiti.com\/plan\/wp-content\/uploads\/2021\/09\/plan-Plan-Eco-1-01.png","datePublished":"2021-09-29T13:36:08+00:00","dateModified":"2025-05-30T21:58:33+00:00","description":"Distribue votre musique sur les plateformes digitales les plus populaires au monde comme iTunes, Deezer, Spotify, Amazon Music,Youtube Music.","breadcrumb":{"@id":"https:\/\/dynastyhaiti.com\/plan\/product\/plan-eco\/#breadcrumb"},"inLanguage":"en-US","potentialAction":[{"@type":"ReadAction","target":["https:\/\/dynastyhaiti.com\/plan\/product\/plan-eco\/"]}]},{"@type":"ImageObject","inLanguage":"en-US","@id":"https:\/\/dynastyhaiti.com\/plan\/product\/plan-eco\/#primaryimage","url":"https:\/\/dynastyhaiti.com\/plan\/wp-content\/uploads\/2021\/09\/plan-Plan-Eco-1-01.png","contentUrl":"https:\/\/dynastyhaiti.com\/plan\/wp-content\/uploads\/2021\/09\/plan-Plan-Eco-1-01.png","width":1500,"height":1500},{"@type":"BreadcrumbList","@id":"https:\/\/dynastyhaiti.com\/plan\/product\/plan-eco\/#breadcrumb","itemListElement":[{"@type":"ListItem","position":1,"name":"Home","item":"https:\/\/dynastyhaiti.com\/plan\/"},{"@type":"ListItem","position":2,"name":"Shop","item":"https:\/\/dynastyhaiti.com\/plan\/shop\/"},{"@type":"ListItem","position":3,"name":"Plan Eco"}]},{"@type":"WebSite","@id":"https:\/\/dynastyhaiti.com\/plan\/#website","url":"https:\/\/dynastyhaiti.com\/plan\/","name":"Plan - Dynasty Haiti Promo","description":"Yon Jeyan K&#039;ap Grandi","publisher":{"@id":"https:\/\/dynastyhaiti.com\/plan\/#organization"},"potentialAction":[{"@type":"SearchAction","target":{"@type":"EntryPoint","urlTemplate":"https:\/\/dynastyhaiti.com\/plan\/?s={search_term_string}"},"query-input":{"@type":"PropertyValueSpecification","valueRequired":true,"valueName":"search_term_string"}}],"inLanguage":"en-US"},{"@type":"Organization","@id":"https:\/\/dynastyhaiti.com\/plan\/#organization","name":"Dynasty Haiti","url":"https:\/\/dynastyhaiti.com\/plan\/","logo":{"@type":"ImageObject","inLanguage":"en-US","@id":"https:\/\/dynastyhaiti.com\/plan\/#\/schema\/logo\/image\/","url":"https:\/\/i1.wp.com\/dynastyhaiti.com\/plan\/wp-content\/uploads\/2021\/09\/Dynasty6-1.png?fit=1280%2C1280&ssl=1","contentUrl":"https:\/\/i1.wp.com\/dynastyhaiti.com\/plan\/wp-content\/uploads\/2021\/09\/Dynasty6-1.png?fit=1280%2C1280&ssl=1","width":1280,"height":1280,"caption":"Dynasty Haiti"},"image":{"@id":"https:\/\/dynastyhaiti.com\/plan\/#\/schema\/logo\/image\/"}}]}},"_links":{"self":[{"href":"https:\/\/dynastyhaiti.com\/plan\/wp-json\/wp\/v2\/product\/16","targetHints":{"allow":["GET"]}}],"collection":[{"href":"https:\/\/dynastyhaiti.com\/plan\/wp-json\/wp\/v2\/product"}],"about":[{"href":"https:\/\/dynastyhaiti.com\/plan\/wp-json\/wp\/v2\/types\/product"}],"replies":[{"embeddable":true,"href":"https:\/\/dynastyhaiti.com\/plan\/wp-json\/wp\/v2\/comments?post=16"}],"version-history":[{"count":4,"href":"https:\/\/dynastyhaiti.com\/plan\/wp-json\/wp\/v2\/product\/16\/revisions"}],"predecessor-version":[{"id":446,"href":"https:\/\/dynastyhaiti.com\/plan\/wp-json\/wp\/v2\/product\/16\/revisions\/446"}],"wp:featuredmedia":[{"embeddable":true,"href":"https:\/\/dynastyhaiti.com\/plan\/wp-json\/wp\/v2\/media\/445"}],"wp:attachment":[{"href":"https:\/\/dynastyhaiti.com\/plan\/wp-json\/wp\/v2\/media?parent=16"}],"wp:term":[{"taxonomy":"product_brand","embeddable":true,"href":"https:\/\/dynastyhaiti.com\/plan\/wp-json\/wp\/v2\/product_brand?post=16"},{"taxonomy":"product_cat","embeddable":true,"href":"https:\/\/dynastyhaiti.com\/plan\/wp-json\/wp\/v2\/product_cat?post=16"},{"taxonomy":"product_tag","embeddable":true,"href":"https:\/\/dynastyhaiti.com\/plan\/wp-json\/wp\/v2\/product_tag?post=16"}],"curies":[{"name":"wp","href":"https:\/\/api.w.org\/{rel}","templated":true}]}}