{"id":10,"date":"2021-09-29T13:34:46","date_gmt":"2021-09-29T13:34:46","guid":{"rendered":"https:\/\/dynastyhaiti.com\/plan\/?post_type=product&#038;p=10"},"modified":"2025-05-30T22:08:58","modified_gmt":"2025-05-30T22:08:58","slug":"plan-basic","status":"publish","type":"product","link":"https:\/\/dynastyhaiti.com\/plan\/product\/plan-basic\/","title":{"rendered":"Plan Basic"},"content":{"rendered":"","protected":false},"excerpt":{"rendered":"<p data-start=\"134\" data-end=\"200\"><strong data-start=\"154\" data-end=\"200\">Pr\u00e9sence r\u00e9guli\u00e8re sur les r\u00e9seaux sociaux<\/strong><\/p>\n<p data-start=\"202\" data-end=\"280\">\ud83d\udcf2 <strong data-start=\"205\" data-end=\"233\">Partage tous les 3 jours<\/strong> sur :<br data-start=\"239\" data-end=\"242\" \/>\u2022 Facebook<br data-start=\"252\" data-end=\"255\" \/>\u2022 Instagram<br data-start=\"266\" data-end=\"269\" \/>\u2022 Twitter<\/p>\n<p data-start=\"282\" data-end=\"322\">\ud83d\udcde 30 minutes de consultation gratuite<\/p>\n<p data-start=\"324\" data-end=\"368\">\ud83d\udcb5 <strong data-start=\"327\" data-end=\"344\">Prix : 50 USD<\/strong><br data-start=\"344\" data-end=\"347\" \/>\ud83d\udcc6 Dur\u00e9e : 15 jours<\/p>\n<p data-start=\"370\" data-end=\"454\"><strong data-start=\"370\" data-end=\"402\">Simple, efficace, abordable.<\/strong><br data-start=\"402\" data-end=\"405\" \/>\ud83c\udfb6 Faites parler de votre musique avec constance.<\/p>\n","protected":false},"featured_media":447,"comment_status":"open","ping_status":"closed","template":"","meta":{"nf_dc_page":""},"product_brand":[],"product_cat":[16],"product_tag":[],"class_list":{"0":"post-10","1":"product","2":"type-product","3":"status-publish","4":"has-post-thumbnail","6":"product_cat-promo-30","8":"first","9":"instock","10":"virtual","11":"taxable","12":"purchasable","13":"product-type-simple"},"yoast_head":"<!-- This site is optimized with the Yoast SEO plugin v27.5 - https:\/\/yoast.com\/product\/yoast-seo-wordpress\/ -->\n<title>Plan Basic - Plan - Dynasty Haiti Promo<\/title>\n<meta name=\"description\" content=\"Distribue votre musique sur les plateformes digitales les plus populaires au monde comme iTunes, Deezer, Spotify, Amazon Music,Youtube Music\" \/>\n<meta name=\"robots\" content=\"index, follow, max-snippet:-1, max-image-preview:large, max-video-preview:-1\" \/>\n<link rel=\"canonical\" href=\"https:\/\/dynastyhaiti.com\/plan\/product\/plan-basic\/\" \/>\n<meta property=\"og:locale\" content=\"en_US\" \/>\n<meta property=\"og:type\" content=\"article\" \/>\n<meta property=\"og:title\" content=\"Plan Basic - Plan - Dynasty Haiti Promo\" \/>\n<meta property=\"og:description\" content=\"Distribue votre musique sur les plateformes digitales les plus populaires au monde comme iTunes, Deezer, Spotify, Amazon Music,Youtube Music\" \/>\n<meta property=\"og:url\" content=\"https:\/\/dynastyhaiti.com\/plan\/product\/plan-basic\/\" \/>\n<meta property=\"og:site_name\" content=\"Plan - Dynasty Haiti Promo\" \/>\n<meta property=\"article:modified_time\" content=\"2025-05-30T22:08:58+00:00\" \/>\n<meta property=\"og:image\" content=\"https:\/\/dynastyhaiti.com\/plan\/wp-content\/uploads\/2021\/09\/plan-Plan-basic-01.png\" \/>\n\t<meta property=\"og:image:width\" content=\"1500\" \/>\n\t<meta property=\"og:image:height\" content=\"1500\" \/>\n\t<meta property=\"og:image:type\" content=\"image\/png\" \/>\n<meta name=\"twitter:card\" content=\"summary_large_image\" \/>\n<script type=\"application\/ld+json\" class=\"yoast-schema-graph\">{\"@context\":\"https:\\\/\\\/schema.org\",\"@graph\":[{\"@type\":\"WebPage\",\"@id\":\"https:\\\/\\\/dynastyhaiti.com\\\/plan\\\/product\\\/plan-basic\\\/\",\"url\":\"https:\\\/\\\/dynastyhaiti.com\\\/plan\\\/product\\\/plan-basic\\\/\",\"name\":\"Plan Basic - Plan - Dynasty Haiti Promo\",\"isPartOf\":{\"@id\":\"https:\\\/\\\/dynastyhaiti.com\\\/plan\\\/#website\"},\"primaryImageOfPage\":{\"@id\":\"https:\\\/\\\/dynastyhaiti.com\\\/plan\\\/product\\\/plan-basic\\\/#primaryimage\"},\"image\":{\"@id\":\"https:\\\/\\\/dynastyhaiti.com\\\/plan\\\/product\\\/plan-basic\\\/#primaryimage\"},\"thumbnailUrl\":\"https:\\\/\\\/dynastyhaiti.com\\\/plan\\\/wp-content\\\/uploads\\\/2021\\\/09\\\/plan-Plan-basic-01.png\",\"datePublished\":\"2021-09-29T13:34:46+00:00\",\"dateModified\":\"2025-05-30T22:08:58+00:00\",\"description\":\"Distribue votre musique sur les plateformes digitales les plus populaires au monde comme iTunes, Deezer, Spotify, Amazon Music,Youtube Music\",\"breadcrumb\":{\"@id\":\"https:\\\/\\\/dynastyhaiti.com\\\/plan\\\/product\\\/plan-basic\\\/#breadcrumb\"},\"inLanguage\":\"en-US\",\"potentialAction\":[{\"@type\":\"ReadAction\",\"target\":[\"https:\\\/\\\/dynastyhaiti.com\\\/plan\\\/product\\\/plan-basic\\\/\"]}]},{\"@type\":\"ImageObject\",\"inLanguage\":\"en-US\",\"@id\":\"https:\\\/\\\/dynastyhaiti.com\\\/plan\\\/product\\\/plan-basic\\\/#primaryimage\",\"url\":\"https:\\\/\\\/dynastyhaiti.com\\\/plan\\\/wp-content\\\/uploads\\\/2021\\\/09\\\/plan-Plan-basic-01.png\",\"contentUrl\":\"https:\\\/\\\/dynastyhaiti.com\\\/plan\\\/wp-content\\\/uploads\\\/2021\\\/09\\\/plan-Plan-basic-01.png\",\"width\":1500,\"height\":1500},{\"@type\":\"BreadcrumbList\",\"@id\":\"https:\\\/\\\/dynastyhaiti.com\\\/plan\\\/product\\\/plan-basic\\\/#breadcrumb\",\"itemListElement\":[{\"@type\":\"ListItem\",\"position\":1,\"name\":\"Home\",\"item\":\"https:\\\/\\\/dynastyhaiti.com\\\/plan\\\/\"},{\"@type\":\"ListItem\",\"position\":2,\"name\":\"Shop\",\"item\":\"https:\\\/\\\/dynastyhaiti.com\\\/plan\\\/shop\\\/\"},{\"@type\":\"ListItem\",\"position\":3,\"name\":\"Plan Basic\"}]},{\"@type\":\"WebSite\",\"@id\":\"https:\\\/\\\/dynastyhaiti.com\\\/plan\\\/#website\",\"url\":\"https:\\\/\\\/dynastyhaiti.com\\\/plan\\\/\",\"name\":\"Plan - Dynasty Haiti Promo\",\"description\":\"Yon Jeyan K&#039;ap Grandi\",\"publisher\":{\"@id\":\"https:\\\/\\\/dynastyhaiti.com\\\/plan\\\/#organization\"},\"potentialAction\":[{\"@type\":\"SearchAction\",\"target\":{\"@type\":\"EntryPoint\",\"urlTemplate\":\"https:\\\/\\\/dynastyhaiti.com\\\/plan\\\/?s={search_term_string}\"},\"query-input\":{\"@type\":\"PropertyValueSpecification\",\"valueRequired\":true,\"valueName\":\"search_term_string\"}}],\"inLanguage\":\"en-US\"},{\"@type\":\"Organization\",\"@id\":\"https:\\\/\\\/dynastyhaiti.com\\\/plan\\\/#organization\",\"name\":\"Dynasty Haiti\",\"url\":\"https:\\\/\\\/dynastyhaiti.com\\\/plan\\\/\",\"logo\":{\"@type\":\"ImageObject\",\"inLanguage\":\"en-US\",\"@id\":\"https:\\\/\\\/dynastyhaiti.com\\\/plan\\\/#\\\/schema\\\/logo\\\/image\\\/\",\"url\":\"https:\\\/\\\/i1.wp.com\\\/dynastyhaiti.com\\\/plan\\\/wp-content\\\/uploads\\\/2021\\\/09\\\/Dynasty6-1.png?fit=1280%2C1280&ssl=1\",\"contentUrl\":\"https:\\\/\\\/i1.wp.com\\\/dynastyhaiti.com\\\/plan\\\/wp-content\\\/uploads\\\/2021\\\/09\\\/Dynasty6-1.png?fit=1280%2C1280&ssl=1\",\"width\":1280,\"height\":1280,\"caption\":\"Dynasty Haiti\"},\"image\":{\"@id\":\"https:\\\/\\\/dynastyhaiti.com\\\/plan\\\/#\\\/schema\\\/logo\\\/image\\\/\"}}]}<\/script>\n<!-- \/ Yoast SEO plugin. -->","yoast_head_json":{"title":"Plan Basic - Plan - Dynasty Haiti Promo","description":"Distribue votre musique sur les plateformes digitales les plus populaires au monde comme iTunes, Deezer, Spotify, Amazon Music,Youtube Music","robots":{"index":"index","follow":"follow","max-snippet":"max-snippet:-1","max-image-preview":"max-image-preview:large","max-video-preview":"max-video-preview:-1"},"canonical":"https:\/\/dynastyhaiti.com\/plan\/product\/plan-basic\/","og_locale":"en_US","og_type":"article","og_title":"Plan Basic - Plan - Dynasty Haiti Promo","og_description":"Distribue votre musique sur les plateformes digitales les plus populaires au monde comme iTunes, Deezer, Spotify, Amazon Music,Youtube Music","og_url":"https:\/\/dynastyhaiti.com\/plan\/product\/plan-basic\/","og_site_name":"Plan - Dynasty Haiti Promo","article_modified_time":"2025-05-30T22:08:58+00:00","og_image":[{"width":1500,"height":1500,"url":"https:\/\/dynastyhaiti.com\/plan\/wp-content\/uploads\/2021\/09\/plan-Plan-basic-01.png","type":"image\/png"}],"twitter_card":"summary_large_image","schema":{"@context":"https:\/\/schema.org","@graph":[{"@type":"WebPage","@id":"https:\/\/dynastyhaiti.com\/plan\/product\/plan-basic\/","url":"https:\/\/dynastyhaiti.com\/plan\/product\/plan-basic\/","name":"Plan Basic - Plan - Dynasty Haiti Promo","isPartOf":{"@id":"https:\/\/dynastyhaiti.com\/plan\/#website"},"primaryImageOfPage":{"@id":"https:\/\/dynastyhaiti.com\/plan\/product\/plan-basic\/#primaryimage"},"image":{"@id":"https:\/\/dynastyhaiti.com\/plan\/product\/plan-basic\/#primaryimage"},"thumbnailUrl":"https:\/\/dynastyhaiti.com\/plan\/wp-content\/uploads\/2021\/09\/plan-Plan-basic-01.png","datePublished":"2021-09-29T13:34:46+00:00","dateModified":"2025-05-30T22:08:58+00:00","description":"Distribue votre musique sur les plateformes digitales les plus populaires au monde comme iTunes, Deezer, Spotify, Amazon Music,Youtube Music","breadcrumb":{"@id":"https:\/\/dynastyhaiti.com\/plan\/product\/plan-basic\/#breadcrumb"},"inLanguage":"en-US","potentialAction":[{"@type":"ReadAction","target":["https:\/\/dynastyhaiti.com\/plan\/product\/plan-basic\/"]}]},{"@type":"ImageObject","inLanguage":"en-US","@id":"https:\/\/dynastyhaiti.com\/plan\/product\/plan-basic\/#primaryimage","url":"https:\/\/dynastyhaiti.com\/plan\/wp-content\/uploads\/2021\/09\/plan-Plan-basic-01.png","contentUrl":"https:\/\/dynastyhaiti.com\/plan\/wp-content\/uploads\/2021\/09\/plan-Plan-basic-01.png","width":1500,"height":1500},{"@type":"BreadcrumbList","@id":"https:\/\/dynastyhaiti.com\/plan\/product\/plan-basic\/#breadcrumb","itemListElement":[{"@type":"ListItem","position":1,"name":"Home","item":"https:\/\/dynastyhaiti.com\/plan\/"},{"@type":"ListItem","position":2,"name":"Shop","item":"https:\/\/dynastyhaiti.com\/plan\/shop\/"},{"@type":"ListItem","position":3,"name":"Plan Basic"}]},{"@type":"WebSite","@id":"https:\/\/dynastyhaiti.com\/plan\/#website","url":"https:\/\/dynastyhaiti.com\/plan\/","name":"Plan - Dynasty Haiti Promo","description":"Yon Jeyan K&#039;ap Grandi","publisher":{"@id":"https:\/\/dynastyhaiti.com\/plan\/#organization"},"potentialAction":[{"@type":"SearchAction","target":{"@type":"EntryPoint","urlTemplate":"https:\/\/dynastyhaiti.com\/plan\/?s={search_term_string}"},"query-input":{"@type":"PropertyValueSpecification","valueRequired":true,"valueName":"search_term_string"}}],"inLanguage":"en-US"},{"@type":"Organization","@id":"https:\/\/dynastyhaiti.com\/plan\/#organization","name":"Dynasty Haiti","url":"https:\/\/dynastyhaiti.com\/plan\/","logo":{"@type":"ImageObject","inLanguage":"en-US","@id":"https:\/\/dynastyhaiti.com\/plan\/#\/schema\/logo\/image\/","url":"https:\/\/i1.wp.com\/dynastyhaiti.com\/plan\/wp-content\/uploads\/2021\/09\/Dynasty6-1.png?fit=1280%2C1280&ssl=1","contentUrl":"https:\/\/i1.wp.com\/dynastyhaiti.com\/plan\/wp-content\/uploads\/2021\/09\/Dynasty6-1.png?fit=1280%2C1280&ssl=1","width":1280,"height":1280,"caption":"Dynasty Haiti"},"image":{"@id":"https:\/\/dynastyhaiti.com\/plan\/#\/schema\/logo\/image\/"}}]}},"_links":{"self":[{"href":"https:\/\/dynastyhaiti.com\/plan\/wp-json\/wp\/v2\/product\/10","targetHints":{"allow":["GET"]}}],"collection":[{"href":"https:\/\/dynastyhaiti.com\/plan\/wp-json\/wp\/v2\/product"}],"about":[{"href":"https:\/\/dynastyhaiti.com\/plan\/wp-json\/wp\/v2\/types\/product"}],"replies":[{"embeddable":true,"href":"https:\/\/dynastyhaiti.com\/plan\/wp-json\/wp\/v2\/comments?post=10"}],"version-history":[{"count":4,"href":"https:\/\/dynastyhaiti.com\/plan\/wp-json\/wp\/v2\/product\/10\/revisions"}],"predecessor-version":[{"id":448,"href":"https:\/\/dynastyhaiti.com\/plan\/wp-json\/wp\/v2\/product\/10\/revisions\/448"}],"wp:featuredmedia":[{"embeddable":true,"href":"https:\/\/dynastyhaiti.com\/plan\/wp-json\/wp\/v2\/media\/447"}],"wp:attachment":[{"href":"https:\/\/dynastyhaiti.com\/plan\/wp-json\/wp\/v2\/media?parent=10"}],"wp:term":[{"taxonomy":"product_brand","embeddable":true,"href":"https:\/\/dynastyhaiti.com\/plan\/wp-json\/wp\/v2\/product_brand?post=10"},{"taxonomy":"product_cat","embeddable":true,"href":"https:\/\/dynastyhaiti.com\/plan\/wp-json\/wp\/v2\/product_cat?post=10"},{"taxonomy":"product_tag","embeddable":true,"href":"https:\/\/dynastyhaiti.com\/plan\/wp-json\/wp\/v2\/product_tag?post=10"}],"curies":[{"name":"wp","href":"https:\/\/api.w.org\/{rel}","templated":true}]}}